{"id":9866,"date":"2025-12-10T13:10:25","date_gmt":"2025-12-10T13:10:25","guid":{"rendered":"https:\/\/fulfillbot.com\/?page_id=9866"},"modified":"2025-12-10T13:22:02","modified_gmt":"2025-12-10T13:22:02","slug":"return-policy","status":"publish","type":"page","link":"https:\/\/fulfillbot.com\/tr\/return-policy\/","title":{"rendered":"\u0130ade Politikas\u0131"},"content":{"rendered":"<div data-elementor-type=\"wp-page\" data-elementor-id=\"9866\" class=\"elementor elementor-9866\" data-elementor-post-type=\"page\">\n\t\t\t\t\t\t<section class=\"elementor-section elementor-top-section elementor-element elementor-element-5a527f6 elementor-section-boxed elementor-section-height-default elementor-section-height-default\" data-id=\"5a527f6\" data-element_type=\"section\" data-e-type=\"section\">\n\t\t\t\t\t\t<div class=\"elementor-container elementor-column-gap-default\">\n\t\t\t\t\t<div class=\"elementor-column elementor-col-100 elementor-top-column elementor-element elementor-element-208c3e8\" data-id=\"208c3e8\" data-element_type=\"column\" data-e-type=\"column\">\n\t\t\t<div class=\"elementor-widget-wrap elementor-element-populated\">\n\t\t\t\t\t\t<div class=\"elementor-element elementor-element-d398e71 elementor-widget elementor-widget-text-editor\" data-id=\"d398e71\" data-element_type=\"widget\" data-e-type=\"widget\" data-widget_type=\"text-editor.default\">\n\t\t\t\t<div class=\"elementor-widget-container\">\n\t\t\t\t\t\t\t\t\t<h3 data-start=\"170\" data-end=\"212\"><strong data-start=\"174\" data-end=\"210\">1. Sipari\u015f Durumu: \u201cSipari\u015f Beklemede\u201d<\/strong><\/h3><p data-start=\"213\" data-end=\"388\">\u015euraya gidebilirsiniz:\u00a0<strong data-start=\"227\" data-end=\"253\">Kullan\u0131c\u0131 Merkezi \u2192 \u201cSipari\u015fler\u201d<\/strong>\u00a0Sipari\u015finizi do\u011frudan iptal etmek i\u00e7in.<br data-start=\"284\" data-end=\"287\" \/>\u0130ptal i\u015flemi tamamland\u0131\u011f\u0131nda \u00f6demeniz yap\u0131lacakt\u0131r.\u00a0<strong data-start=\"324\" data-end=\"348\">an\u0131nda iade edildi<\/strong>\u00a0senin\u00a0<strong data-start=\"357\" data-end=\"387\">Fulfillbot hesap bakiyesi<\/strong>.<\/p><hr data-start=\"390\" data-end=\"393\" \/><h3 data-start=\"395\" data-end=\"440\"><strong data-start=\"399\" data-end=\"438\">2. Sipari\u015f Durumu: \u201cSipari\u015f \u0130\u015fleniyor\u201d<\/strong><\/h3><p data-start=\"441\" data-end=\"655\">\u015euraya gidebilirsiniz:\u00a0<strong data-start=\"455\" data-end=\"481\">Kullan\u0131c\u0131 Merkezi \u2192 \u201cSipari\u015fler\u201d<\/strong>\u00a0Sipari\u015finizi iptal etmek i\u00e7in.<br data-start=\"503\" data-end=\"506\" \/>E\u011fer Fulfillbot&#039;un varsa\u00a0<strong data-start=\"524\" data-end=\"555\">\u00dcr\u00fcnleri hen\u00fcz sat\u0131n almad\u0131m.<\/strong>, Sipari\u015finizi iptal edece\u011fiz ve paran\u0131z\u0131 geri \u00f6deyece\u011fiz.\u00a0<strong data-start=\"609\" data-end=\"654\">Fulfillbot bakiyesi bir i\u015f g\u00fcn\u00fc i\u00e7inde<\/strong>.<\/p><hr data-start=\"657\" data-end=\"660\" \/><h3 data-start=\"662\" data-end=\"700\"><strong data-start=\"666\" data-end=\"698\">3. Sipari\u015f Durumu: \u201cSat\u0131n Al\u0131nd\u0131\u201d<\/strong><\/h3><p data-start=\"701\" data-end=\"792\">\u015euraya gidebilirsiniz:\u00a0<strong data-start=\"715\" data-end=\"741\">Kullan\u0131c\u0131 Merkezi \u2192 \u201cSipari\u015fler\u201d<\/strong>\u00a0ve t\u0131klay\u0131n\u00a0<strong data-start=\"752\" data-end=\"768\">\u201cSat\u0131\u015f Sonras\u0131 Hizmetler\u201d<\/strong>\u00a0\u0130lgili sipari\u015f i\u00e7in.<\/p><p data-start=\"794\" data-end=\"863\">Fulfillbot sizin ad\u0131n\u0131za sat\u0131c\u0131ya para iadesi talebi g\u00f6nderecektir:<\/p><ul data-start=\"865\" data-end=\"1056\"><li data-start=\"865\" data-end=\"1007\"><p data-start=\"867\" data-end=\"1007\">E\u011fer sat\u0131c\u0131\u00a0<strong data-start=\"881\" data-end=\"910\">Mallar\u0131 hen\u00fcz g\u00f6ndermedi.<\/strong>, Geri \u00f6deme size yap\u0131lacakt\u0131r.\u00a0<strong data-start=\"946\" data-end=\"976\">Fulfillbot hesap bakiyesi<\/strong>\u00a0Sat\u0131c\u0131 onaylad\u0131ktan sonra.<\/p><\/li><li data-start=\"1008\" data-end=\"1056\"><p data-start=\"1010\" data-end=\"1056\">Bu s\u00fcre\u00e7 genellikle \u015fu kadar s\u00fcrer:\u00a0<strong data-start=\"1039\" data-end=\"1055\">yakla\u015f\u0131k 3 g\u00fcn<\/strong>.<\/p><\/li><\/ul><hr data-start=\"1058\" data-end=\"1061\" \/><h3 data-start=\"1063\" data-end=\"1103\"><strong data-start=\"1067\" data-end=\"1101\">4. Sipari\u015f Durumu: \u201cSat\u0131c\u0131 Taraf\u0131ndan G\u00f6nderildi\u201d<\/strong><\/h3><p data-start=\"1104\" data-end=\"1118\">Sat\u0131c\u0131 \u015fu durumlarda:<\/p><ul data-start=\"1120\" data-end=\"1195\"><li data-start=\"1120\" data-end=\"1155\"><p data-start=\"1122\" data-end=\"1155\">Sahte takip numaras\u0131 kullan\u0131yor veya<\/p><\/li><li data-start=\"1156\" data-end=\"1195\"><p data-start=\"1158\" data-end=\"1195\">\u00dcr\u00fcnleri hen\u00fcz g\u00f6ndermedi.,<\/p><\/li><\/ul><p data-start=\"1197\" data-end=\"1265\">\u015euraya gidebilirsiniz:\u00a0<strong data-start=\"1211\" data-end=\"1237\">Kullan\u0131c\u0131 Merkezi \u2192 \u201cSipari\u015fler\u201d<\/strong>\u00a0ve t\u0131klay\u0131n\u00a0<strong data-start=\"1248\" data-end=\"1264\">\u201cSat\u0131\u015f Sonras\u0131 Hizmetler\u201d<\/strong>.<\/p><p data-start=\"1267\" data-end=\"1316\">Fulfillbot sat\u0131c\u0131dan para iadesi talep edecektir:<\/p><ul data-start=\"1318\" data-end=\"1464\"><li data-start=\"1318\" data-end=\"1415\"><p data-start=\"1320\" data-end=\"1415\">Sat\u0131c\u0131 onaylad\u0131ktan sonra, para iadesi hesab\u0131n\u0131za yap\u0131lacakt\u0131r.\u00a0<strong data-start=\"1382\" data-end=\"1412\">Fulfillbot hesap bakiyesi<\/strong>.<\/p><\/li><li data-start=\"1416\" data-end=\"1464\"><p data-start=\"1418\" data-end=\"1464\">Bu s\u00fcre\u00e7 normalde \u015fu kadar s\u00fcrer:\u00a0<strong data-start=\"1446\" data-end=\"1463\">yakla\u015f\u0131k 7 g\u00fcn<\/strong>.<\/p><\/li><\/ul><hr data-start=\"1466\" data-end=\"1469\" \/><h3 data-start=\"1471\" data-end=\"1553\"><strong data-start=\"1475\" data-end=\"1551\">5. Sipari\u015f Durumu &quot;Depoda Saklan\u0131yor&quot; Olduktan 5 G\u00fcnden Fazla Bir S\u00fcre Sonra\u201c<\/strong><\/h3><p data-start=\"1554\" data-end=\"1650\">\u015euraya gidebilirsiniz:\u00a0<strong data-start=\"1568\" data-end=\"1594\">Kullan\u0131c\u0131 Merkezi \u2192 \u201cSipari\u015fler\u201d<\/strong>\u00a0ve t\u0131klay\u0131n\u00a0<strong data-start=\"1605\" data-end=\"1621\">\u201cSat\u0131\u015f Sonras\u0131 Hizmetler\u201d<\/strong>\u00a0\u0130lgili sipari\u015f i\u00e7in.<\/p><p data-start=\"1652\" data-end=\"1715\">Fulfillbot, sat\u0131c\u0131yla ileti\u015fime ge\u00e7erek iade talebinde bulunman\u0131za yard\u0131mc\u0131 olacakt\u0131r; ancak:<\/p><ul data-start=\"1717\" data-end=\"2116\"><li data-start=\"1717\" data-end=\"1797\"><p data-start=\"1719\" data-end=\"1797\"><strong data-start=\"1719\" data-end=\"1749\">Onay garantisi verilmemektedir.<\/strong>, \u00c7\u00fcnk\u00fc bu tamamen sat\u0131c\u0131n\u0131n politikas\u0131na ba\u011fl\u0131d\u0131r.<\/p><\/li><li data-start=\"1798\" data-end=\"1881\"><p data-start=\"1800\" data-end=\"1881\">Sat\u0131c\u0131 onay verirse, Fulfillbot iade i\u015flemini en k\u0131sa s\u00fcrede ger\u00e7ekle\u015ftirecektir.<\/p><\/li><li data-start=\"1882\" data-end=\"1961\"><p data-start=\"1884\" data-end=\"1961\">Yurti\u00e7i iade takip numaras\u0131 sipari\u015f detaylar\u0131nda g\u00f6r\u00fcnt\u00fclenecektir.<\/p><\/li><li data-start=\"1962\" data-end=\"2116\"><p data-start=\"1964\" data-end=\"2116\">Sat\u0131c\u0131 iade edilen \u00fcr\u00fcnleri teslim ald\u0131ktan ve para iadesi i\u015flemini ger\u00e7ekle\u015ftirdikten sonra, sistem tutar\u0131 otomatik olarak hesab\u0131n\u0131za yat\u0131racakt\u0131r.\u00a0<strong data-start=\"2085\" data-end=\"2115\">Fulfillbot hesap bakiyesi<\/strong>.<\/p><\/li><\/ul><p data-start=\"2118\" data-end=\"2224\">Genel olarak, t\u00fcm s\u00fcre\u00e7 \u015fu kadar s\u00fcrer:\u00a0<strong data-start=\"2153\" data-end=\"2166\">7\u201315 g\u00fcn<\/strong>, Sat\u0131c\u0131n\u0131n iadeyi ne kadar \u00e7abuk onaylad\u0131\u011f\u0131na ba\u011fl\u0131 olarak de\u011fi\u015fir.<\/p>\t\t\t\t\t\t\t\t<\/div>\n\t\t\t\t<\/div>\n\t\t\t\t\t<\/div>\n\t\t<\/div>\n\t\t\t\t\t<\/div>\n\t\t<\/section>\n\t\t\t\t<\/div>","protected":false},"excerpt":{"rendered":"<p>1. Order Status: \u201cOrder Pending\u201d You may go to\u00a0User Center \u2192 \u201cOrders\u201d\u00a0to cancel your order directly.Once cancelled, your payment will be\u00a0immediately refunded\u00a0to your\u00a0Fulfillbot account balance. 2. Order Status: \u201cOrder Processing\u201d You may go to\u00a0User Center \u2192 \u201cOrders\u201d\u00a0to cancel your order.If Fulfillbot has\u00a0not yet purchased the items, we will cancel the order and issue a refund [&hellip;]<\/p>\n","protected":false},"author":1,"featured_media":0,"parent":0,"menu_order":0,"comment_status":"closed","ping_status":"closed","template":"","meta":{"_lmt_disableupdate":"no","_lmt_disable":"","site-sidebar-layout":"no-sidebar","site-content-layout":"page-builder","ast-site-content-layout":"full-width-container","site-content-style":"default","site-sidebar-style":"default","ast-global-header-display":"","ast-banner-title-visibility":"","ast-main-header-display":"","ast-hfb-above-header-display":"","ast-hfb-below-header-display":"","ast-hfb-mobile-header-display":"","site-post-title":"disabled","ast-breadcrumbs-content":"","ast-featured-img":"disabled","footer-sml-layout":"","ast-disable-related-posts":"","theme-transparent-header-meta":"default","adv-header-id-meta":"","stick-header-meta":"default","header-above-stick-meta":"","header-main-stick-meta":"","header-below-stick-meta":"","astra-migrate-meta-layouts":"set","ast-page-background-enabled":"default","ast-page-background-meta":{"desktop":{"background-color":"var(--ast-global-color-4)","background-image":"","background-repeat":"repeat","background-position":"center center","background-size":"auto","background-attachment":"scroll","background-type":"","background-media":"","overlay-type":"","overlay-color":"","overlay-opacity":"","overlay-gradient":""},"tablet":{"background-color":"","background-image":"","background-repeat":"repeat","background-position":"center center","background-size":"auto","background-attachment":"scroll","background-type":"","background-media":"","overlay-type":"","overlay-color":"","overlay-opacity":"","overlay-gradient":""},"mobile":{"background-color":"","background-image":"","background-repeat":"repeat","background-position":"center center","background-size":"auto","background-attachment":"scroll","background-type":"","background-media":"","overlay-type":"","overlay-color":"","overlay-opacity":"","overlay-gradient":""}},"ast-content-background-meta":{"desktop":{"background-color":"var(--ast-global-color-5)","background-image":"","background-repeat":"repeat","background-position":"center center","background-size":"auto","background-attachment":"scroll","background-type":"","background-media":"","overlay-type":"","overlay-color":"","overlay-opacity":"","overlay-gradient":""},"tablet":{"background-color":"var(--ast-global-color-5)","background-image":"","background-repeat":"repeat","background-position":"center center","background-size":"auto","background-attachment":"scroll","background-type":"","background-media":"","overlay-type":"","overlay-color":"","overlay-opacity":"","overlay-gradient":""},"mobile":{"background-color":"var(--ast-global-color-5)","background-image":"","background-repeat":"repeat","background-position":"center center","background-size":"auto","background-attachment":"scroll","background-type":"","background-media":"","overlay-type":"","overlay-color":"","overlay-opacity":"","overlay-gradient":""}},"footnotes":""},"class_list":["post-9866","page","type-page","status-publish","hentry"],"_links":{"self":[{"href":"https:\/\/fulfillbot.com\/tr\/wp-json\/wp\/v2\/pages\/9866","targetHints":{"allow":["GET"]}}],"collection":[{"href":"https:\/\/fulfillbot.com\/tr\/wp-json\/wp\/v2\/pages"}],"about":[{"href":"https:\/\/fulfillbot.com\/tr\/wp-json\/wp\/v2\/types\/page"}],"author":[{"embeddable":true,"href":"https:\/\/fulfillbot.com\/tr\/wp-json\/wp\/v2\/users\/1"}],"replies":[{"embeddable":true,"href":"https:\/\/fulfillbot.com\/tr\/wp-json\/wp\/v2\/comments?post=9866"}],"version-history":[{"count":5,"href":"https:\/\/fulfillbot.com\/tr\/wp-json\/wp\/v2\/pages\/9866\/revisions"}],"predecessor-version":[{"id":9871,"href":"https:\/\/fulfillbot.com\/tr\/wp-json\/wp\/v2\/pages\/9866\/revisions\/9871"}],"wp:attachment":[{"href":"https:\/\/fulfillbot.com\/tr\/wp-json\/wp\/v2\/media?parent=9866"}],"curies":[{"name":"wp","href":"https:\/\/api.w.org\/{rel}","templated":true}]}}