{"id":659,"date":"2021-06-11T13:29:43","date_gmt":"2021-06-11T13:29:43","guid":{"rendered":"https:\/\/fulfillbot.com\/?page_id=659"},"modified":"2025-12-11T07:27:24","modified_gmt":"2025-12-11T07:27:24","slug":"privacy-policy","status":"publish","type":"page","link":"https:\/\/fulfillbot.com\/pt\/privacy-policy\/","title":{"rendered":"Pol\u00edtica de Privacidade"},"content":{"rendered":"<div data-elementor-type=\"wp-page\" data-elementor-id=\"659\" class=\"elementor elementor-659\" data-elementor-post-type=\"page\">\n\t\t\t\t\t\t<section class=\"elementor-section elementor-top-section elementor-element elementor-element-281c2c35 elementor-section-stretched elementor-section-boxed elementor-section-height-default elementor-section-height-default\" data-id=\"281c2c35\" data-element_type=\"section\" data-e-type=\"section\" data-settings=\"{&quot;stretch_section&quot;:&quot;section-stretched&quot;}\">\n\t\t\t\t\t\t<div class=\"elementor-container elementor-column-gap-default\">\n\t\t\t\t\t<div class=\"elementor-column elementor-col-100 elementor-top-column elementor-element elementor-element-63652923\" data-id=\"63652923\" data-element_type=\"column\" data-e-type=\"column\">\n\t\t\t<div class=\"elementor-widget-wrap elementor-element-populated\">\n\t\t\t\t\t\t<div class=\"elementor-element elementor-element-5a924afc elementor-widget elementor-widget-text-editor\" data-id=\"5a924afc\" data-element_type=\"widget\" data-e-type=\"widget\" data-widget_type=\"text-editor.default\">\n\t\t\t\t<div class=\"elementor-widget-container\">\n\t\t\t\t\t\t\t\t\t\n<h3 class=\"wp-block-heading\">Quem somos<\/h3>\n\n<p><strong class=\"privacy-policy-tutorial\">Texto sugerido: <\/strong>O endere\u00e7o de nosso website \u00e9: https:\/\/fulfillbot.com.<\/p>\n\n<h3 class=\"wp-block-heading\">Coment\u00e1rios<\/h3>\n\n<p><strong class=\"privacy-policy-tutorial\">Texto sugerido: <\/strong>Quando os visitantes deixam coment\u00e1rios no site, coletamos os dados mostrados no formul\u00e1rio de coment\u00e1rios, e tamb\u00e9m o endere\u00e7o IP do visitante e a string de agente de usu\u00e1rio do navegador para ajudar na detec\u00e7\u00e3o de spam.<\/p>\n\n<p>Uma cadeia an\u00f4nima criada a partir de seu endere\u00e7o de e-mail (tamb\u00e9m chamada de hash) pode ser fornecida ao servi\u00e7o Gravatar para ver se voc\u00ea a est\u00e1 usando. A pol\u00edtica de privacidade do servi\u00e7o Gravatar est\u00e1 dispon\u00edvel aqui: https:\/\/automattic.com\/privacy\/. Ap\u00f3s a aprova\u00e7\u00e3o de seu coment\u00e1rio, sua foto de perfil \u00e9 vis\u00edvel ao p\u00fablico no contexto de seu coment\u00e1rio.<\/p>\n\n<h3 class=\"wp-block-heading\">M\u00eddia<\/h3>\n\n<p><strong class=\"privacy-policy-tutorial\">Texto sugerido: <\/strong>Se voc\u00ea carregar imagens para o site, voc\u00ea deve evitar carregar imagens com dados de localiza\u00e7\u00e3o incorporados (EXIF GPS) inclu\u00eddos. Os visitantes do site podem baixar e extrair quaisquer dados de localiza\u00e7\u00e3o das imagens do site.<\/p>\n\n<h3 class=\"wp-block-heading\">Biscoitos<\/h3>\n\n<p><strong class=\"privacy-policy-tutorial\">Texto sugerido: <\/strong>Se voc\u00ea deixar um coment\u00e1rio em nosso site voc\u00ea pode optar por salvar seu nome, endere\u00e7o de e-mail e site em cookies. Estes s\u00e3o para sua conveni\u00eancia, para que voc\u00ea n\u00e3o tenha que preencher seus dados novamente quando deixar outro coment\u00e1rio. Estes cookies ter\u00e3o a dura\u00e7\u00e3o de um ano.<\/p>\n\n<p>Se voc\u00ea visitar nossa p\u00e1gina de login, n\u00f3s definiremos um cookie tempor\u00e1rio para determinar se seu navegador aceita cookies. Este cookie n\u00e3o cont\u00e9m dados pessoais e \u00e9 descartado quando voc\u00ea fecha seu navegador.<\/p>\n\n<p>Quando voc\u00ea fizer o login, tamb\u00e9m configuraremos v\u00e1rios cookies para salvar suas informa\u00e7\u00f5es de login e suas op\u00e7\u00f5es de exibi\u00e7\u00e3o na tela. Os cookies de login duram dois dias, e as op\u00e7\u00f5es de exibi\u00e7\u00e3o de tela duram um ano. Se voc\u00ea selecionar \"Lembrar-me\", seu login persistir\u00e1 por duas semanas. Se voc\u00ea sair de sua conta, os cookies de login ser\u00e3o removidos.<\/p>\n\n<p>Se voc\u00ea editar ou publicar um artigo, um cookie adicional ser\u00e1 salvo em seu navegador. Este cookie n\u00e3o inclui dados pessoais e simplesmente indica a ID do artigo que voc\u00ea acabou de editar. Ele expira ap\u00f3s 1 dia.<\/p>\n\n<h3 class=\"wp-block-heading\">Conte\u00fado embutido de outros sites<\/h3>\n\n<p><strong class=\"privacy-policy-tutorial\">Texto sugerido: <\/strong>Os artigos deste site podem incluir conte\u00fado incorporado (por exemplo, v\u00eddeos, imagens, artigos, etc.). O conte\u00fado incorporado de outros sites se comporta exatamente da mesma forma que se o visitante tiver visitado o outro site.<\/p>\n\n<p>Esses sites podem coletar dados sobre voc\u00ea, usar cookies, incorporar rastreamento adicional de terceiros e monitorar sua intera\u00e7\u00e3o com esse conte\u00fado incorporado, incluindo o rastreamento de sua intera\u00e7\u00e3o com o conte\u00fado incorporado se voc\u00ea tiver uma conta e estiver conectado a esse site.<\/p>\n\n<h3 class=\"wp-block-heading\">Com quem compartilhamos seus dados<\/h3>\n\n<p><strong class=\"privacy-policy-tutorial\">Texto sugerido: <\/strong>Se voc\u00ea solicitar uma redefini\u00e7\u00e3o de senha, seu endere\u00e7o IP ser\u00e1 inclu\u00eddo no e-mail de redefini\u00e7\u00e3o.<\/p>\n\n<h3 class=\"wp-block-heading\">Por quanto tempo retemos seus dados<\/h3>\n\n<p><strong class=\"privacy-policy-tutorial\">Texto sugerido: <\/strong>Se voc\u00ea deixar um coment\u00e1rio, o coment\u00e1rio e seus metadados s\u00e3o retidos indefinidamente. Isto \u00e9 para que possamos reconhecer e aprovar automaticamente qualquer coment\u00e1rio subseq\u00fcente, em vez de mant\u00ea-los em uma fila de modera\u00e7\u00e3o.<\/p>\n\n<p>Para usu\u00e1rios que se registram em nosso website (se houver), tamb\u00e9m armazenamos as informa\u00e7\u00f5es pessoais que eles fornecem em seu perfil de usu\u00e1rio. Todos os usu\u00e1rios podem ver, editar ou apagar suas informa\u00e7\u00f5es pessoais a qualquer momento (exceto que n\u00e3o podem alterar seu nome de usu\u00e1rio). Os administradores do website tamb\u00e9m podem ver e editar essas informa\u00e7\u00f5es.<\/p>\n\n<h3 class=\"wp-block-heading\">Que direitos voc\u00ea tem sobre seus dados<\/h3>\n\n<p><strong class=\"privacy-policy-tutorial\">Texto sugerido: <\/strong>Se voc\u00ea tem uma conta neste site, ou deixou coment\u00e1rios, voc\u00ea pode solicitar o recebimento de um arquivo exportado dos dados pessoais que temos sobre voc\u00ea, incluindo quaisquer dados que voc\u00ea nos tenha fornecido. Voc\u00ea tamb\u00e9m pode solicitar que apaguemos quaisquer dados pessoais que possu\u00edmos a seu respeito. Isto n\u00e3o inclui quaisquer dados que sejamos obrigados a manter para fins administrativos, legais, ou de seguran\u00e7a.<\/p>\n\n<h3 class=\"wp-block-heading\">Para onde enviamos seus dados<\/h3>\n\n<p><strong class=\"privacy-policy-tutorial\">Texto sugerido: <\/strong>Os coment\u00e1rios dos visitantes podem ser verificados atrav\u00e9s de um servi\u00e7o automatizado de detec\u00e7\u00e3o de spam.<\/p>\n\t\t\t\t\t\t\t\t<\/div>\n\t\t\t\t<\/div>\n\t\t\t\t\t<\/div>\n\t\t<\/div>\n\t\t\t\t\t<\/div>\n\t\t<\/section>\n\t\t\t\t<\/div>","protected":false},"excerpt":{"rendered":"<p>Who we are Suggested text: Our website address is: https:\/\/fulfillbot.com. Comments Suggested text: When visitors leave comments on the site we collect the data shown in the comments form, and also the visitor\u2019s IP address and browser user agent string to help spam detection. An anonymized string created from your email address (also called a [&hellip;]<\/p>\n","protected":false},"author":1,"featured_media":0,"parent":0,"menu_order":0,"comment_status":"closed","ping_status":"closed","template":"elementor_theme","meta":{"_lmt_disableupdate":"","_lmt_disable":"","site-sidebar-layout":"no-sidebar","site-content-layout":"page-builder","ast-site-content-layout":"default","site-content-style":"default","site-sidebar-style":"default","ast-global-header-display":"","ast-banner-title-visibility":"","ast-main-header-display":"","ast-hfb-above-header-display":"","ast-hfb-below-header-display":"","ast-hfb-mobile-header-display":"","site-post-title":"disabled","ast-breadcrumbs-content":"","ast-featured-img":"disabled","footer-sml-layout":"","ast-disable-related-posts":"","theme-transparent-header-meta":"","adv-header-id-meta":"","stick-header-meta":"","header-above-stick-meta":"","header-main-stick-meta":"","header-below-stick-meta":"","astra-migrate-meta-layouts":"default","ast-page-background-enabled":"default","ast-page-background-meta":{"desktop":{"background-color":"var(--ast-global-color-4)","background-image":"","background-repeat":"repeat","background-position":"center center","background-size":"auto","background-attachment":"scroll","background-type":"","background-media":"","overlay-type":"","overlay-color":"","overlay-opacity":"","overlay-gradient":""},"tablet":{"background-color":"","background-image":"","background-repeat":"repeat","background-position":"center center","background-size":"auto","background-attachment":"scroll","background-type":"","background-media":"","overlay-type":"","overlay-color":"","overlay-opacity":"","overlay-gradient":""},"mobile":{"background-color":"","background-image":"","background-repeat":"repeat","background-position":"center center","background-size":"auto","background-attachment":"scroll","background-type":"","background-media":"","overlay-type":"","overlay-color":"","overlay-opacity":"","overlay-gradient":""}},"ast-content-background-meta":{"desktop":{"background-color":"var(--ast-global-color-5)","background-image":"","background-repeat":"repeat","background-position":"center center","background-size":"auto","background-attachment":"scroll","background-type":"","background-media":"","overlay-type":"","overlay-color":"","overlay-opacity":"","overlay-gradient":""},"tablet":{"background-color":"var(--ast-global-color-5)","background-image":"","background-repeat":"repeat","background-position":"center center","background-size":"auto","background-attachment":"scroll","background-type":"","background-media":"","overlay-type":"","overlay-color":"","overlay-opacity":"","overlay-gradient":""},"mobile":{"background-color":"var(--ast-global-color-5)","background-image":"","background-repeat":"repeat","background-position":"center center","background-size":"auto","background-attachment":"scroll","background-type":"","background-media":"","overlay-type":"","overlay-color":"","overlay-opacity":"","overlay-gradient":""}},"footnotes":""},"class_list":["post-659","page","type-page","status-publish","hentry"],"_links":{"self":[{"href":"https:\/\/fulfillbot.com\/pt\/wp-json\/wp\/v2\/pages\/659","targetHints":{"allow":["GET"]}}],"collection":[{"href":"https:\/\/fulfillbot.com\/pt\/wp-json\/wp\/v2\/pages"}],"about":[{"href":"https:\/\/fulfillbot.com\/pt\/wp-json\/wp\/v2\/types\/page"}],"author":[{"embeddable":true,"href":"https:\/\/fulfillbot.com\/pt\/wp-json\/wp\/v2\/users\/1"}],"replies":[{"embeddable":true,"href":"https:\/\/fulfillbot.com\/pt\/wp-json\/wp\/v2\/comments?post=659"}],"version-history":[{"count":3,"href":"https:\/\/fulfillbot.com\/pt\/wp-json\/wp\/v2\/pages\/659\/revisions"}],"predecessor-version":[{"id":10047,"href":"https:\/\/fulfillbot.com\/pt\/wp-json\/wp\/v2\/pages\/659\/revisions\/10047"}],"wp:attachment":[{"href":"https:\/\/fulfillbot.com\/pt\/wp-json\/wp\/v2\/media?parent=659"}],"curies":[{"name":"wp","href":"https:\/\/api.w.org\/{rel}","templated":true}]}}