{"id":9866,"date":"2025-12-10T13:10:25","date_gmt":"2025-12-10T13:10:25","guid":{"rendered":"https:\/\/fulfillbot.com\/?page_id=9866"},"modified":"2025-12-10T13:22:02","modified_gmt":"2025-12-10T13:22:02","slug":"return-policy","status":"publish","type":"page","link":"https:\/\/fulfillbot.com\/de\/return-policy\/","title":{"rendered":"R\u00fcckgabepolitik"},"content":{"rendered":"<div data-elementor-type=\"wp-page\" data-elementor-id=\"9866\" class=\"elementor elementor-9866\" data-elementor-post-type=\"page\">\n\t\t\t\t\t\t<section class=\"elementor-section elementor-top-section elementor-element elementor-element-5a527f6 elementor-section-boxed elementor-section-height-default elementor-section-height-default\" data-id=\"5a527f6\" data-element_type=\"section\" data-e-type=\"section\">\n\t\t\t\t\t\t<div class=\"elementor-container elementor-column-gap-default\">\n\t\t\t\t\t<div class=\"elementor-column elementor-col-100 elementor-top-column elementor-element elementor-element-208c3e8\" data-id=\"208c3e8\" data-element_type=\"column\" data-e-type=\"column\">\n\t\t\t<div class=\"elementor-widget-wrap elementor-element-populated\">\n\t\t\t\t\t\t<div class=\"elementor-element elementor-element-d398e71 elementor-widget elementor-widget-text-editor\" data-id=\"d398e71\" data-element_type=\"widget\" data-e-type=\"widget\" data-widget_type=\"text-editor.default\">\n\t\t\t\t<div class=\"elementor-widget-container\">\n\t\t\t\t\t\t\t\t\t<h3 data-start=\"170\" data-end=\"212\"><strong data-start=\"174\" data-end=\"210\">1. Bestellstatus: \u201cBestellung ausstehend\u201d<\/strong><\/h3><p data-start=\"213\" data-end=\"388\">Sie k\u00f6nnen zu\u00a0<strong data-start=\"227\" data-end=\"253\">Benutzerzentrum \u2192 \u201cBestellungen\u201d<\/strong>\u00a0Um Ihre Bestellung direkt zu stornieren.<br data-start=\"284\" data-end=\"287\" \/>Nach der Stornierung wird Ihre Zahlung f\u00e4llig.\u00a0<strong data-start=\"324\" data-end=\"348\">sofortige R\u00fcckerstattung<\/strong>\u00a0zu Ihrem\u00a0<strong data-start=\"357\" data-end=\"387\">Fulfillbot-Kontostand<\/strong>.<\/p><hr data-start=\"390\" data-end=\"393\" \/><h3 data-start=\"395\" data-end=\"440\"><strong data-start=\"399\" data-end=\"438\">2. Bestellstatus: \u201cBestellung wird bearbeitet\u201d<\/strong><\/h3><p data-start=\"441\" data-end=\"655\">Sie k\u00f6nnen zu\u00a0<strong data-start=\"455\" data-end=\"481\">Benutzerzentrum \u2192 \u201cBestellungen\u201d<\/strong>\u00a0um Ihre Bestellung zu stornieren.<br data-start=\"503\" data-end=\"506\" \/>Wenn Fulfillbot hat\u00a0<strong data-start=\"524\" data-end=\"555\">Die Artikel wurden noch nicht gekauft.<\/strong>, Wir werden die Bestellung stornieren und Ihnen eine R\u00fcckerstattung veranlassen.\u00a0<strong data-start=\"609\" data-end=\"654\">Fulfillbot-Guthaben innerhalb eines Arbeitstages<\/strong>.<\/p><hr data-start=\"657\" data-end=\"660\" \/><h3 data-start=\"662\" data-end=\"700\"><strong data-start=\"666\" data-end=\"698\">3. Bestellstatus: \u201cGekauft\u201d<\/strong><\/h3><p data-start=\"701\" data-end=\"792\">Sie k\u00f6nnen zu\u00a0<strong data-start=\"715\" data-end=\"741\">Benutzerzentrum \u2192 \u201cBestellungen\u201d<\/strong>\u00a0und klicken\u00a0<strong data-start=\"752\" data-end=\"768\">\u201cKundendienst\u201d<\/strong>\u00a0f\u00fcr die entsprechende Bestellung.<\/p><p data-start=\"794\" data-end=\"863\">Fulfillbot wird in Ihrem Namen eine R\u00fcckerstattungsanfrage an den Verk\u00e4ufer senden:<\/p><ul data-start=\"865\" data-end=\"1056\"><li data-start=\"865\" data-end=\"1007\"><p data-start=\"867\" data-end=\"1007\">Wenn der Verk\u00e4ufer\u00a0<strong data-start=\"881\" data-end=\"910\">hat die Ware nicht versandt<\/strong>, Die R\u00fcckerstattung wird an Ihr Konto ausgestellt.\u00a0<strong data-start=\"946\" data-end=\"976\">Fulfillbot-Kontostand<\/strong>\u00a0Sobald der Verk\u00e4ufer dies best\u00e4tigt hat.<\/p><\/li><li data-start=\"1008\" data-end=\"1056\"><p data-start=\"1010\" data-end=\"1056\">Dieser Prozess dauert in der Regel\u00a0<strong data-start=\"1039\" data-end=\"1055\">etwa 3 Tage<\/strong>.<\/p><\/li><\/ul><hr data-start=\"1058\" data-end=\"1061\" \/><h3 data-start=\"1063\" data-end=\"1103\"><strong data-start=\"1067\" data-end=\"1101\">4. Bestellstatus: \u201cVom Verk\u00e4ufer versendet\u201d<\/strong><\/h3><p data-start=\"1104\" data-end=\"1118\">Wenn der Verk\u00e4ufer:<\/p><ul data-start=\"1120\" data-end=\"1195\"><li data-start=\"1120\" data-end=\"1155\"><p data-start=\"1122\" data-end=\"1155\">Verwendet eine gef\u00e4lschte Sendungsnummer, oder<\/p><\/li><li data-start=\"1156\" data-end=\"1195\"><p data-start=\"1158\" data-end=\"1195\">Die Artikel wurden nicht versandt.,<\/p><\/li><\/ul><p data-start=\"1197\" data-end=\"1265\">Sie k\u00f6nnen zu\u00a0<strong data-start=\"1211\" data-end=\"1237\">Benutzerzentrum \u2192 \u201cBestellungen\u201d<\/strong>\u00a0und klicken\u00a0<strong data-start=\"1248\" data-end=\"1264\">\u201cKundendienst\u201d<\/strong>.<\/p><p data-start=\"1267\" data-end=\"1316\">Fulfillbot wird eine R\u00fcckerstattung vom Verk\u00e4ufer anfordern:<\/p><ul data-start=\"1318\" data-end=\"1464\"><li data-start=\"1318\" data-end=\"1415\"><p data-start=\"1320\" data-end=\"1415\">Sobald der Verk\u00e4ufer dies best\u00e4tigt hat, wird die R\u00fcckerstattung an Ihr Konto zur\u00fcckerstattet.\u00a0<strong data-start=\"1382\" data-end=\"1412\">Fulfillbot-Kontostand<\/strong>.<\/p><\/li><li data-start=\"1416\" data-end=\"1464\"><p data-start=\"1418\" data-end=\"1464\">Dieser Prozess dauert normalerweise\u00a0<strong data-start=\"1446\" data-end=\"1463\">etwa 7 Tage<\/strong>.<\/p><\/li><\/ul><hr data-start=\"1466\" data-end=\"1469\" \/><h3 data-start=\"1471\" data-end=\"1553\"><strong data-start=\"1475\" data-end=\"1551\">5. Mehr als 5 Tage, nachdem der Bestellstatus auf \u201cIm Lager eingelagert\u201d ge\u00e4ndert wurde\u201d<\/strong><\/h3><p data-start=\"1554\" data-end=\"1650\">Sie k\u00f6nnen zu\u00a0<strong data-start=\"1568\" data-end=\"1594\">Benutzerzentrum \u2192 \u201cBestellungen\u201d<\/strong>\u00a0und klicken\u00a0<strong data-start=\"1605\" data-end=\"1621\">\u201cKundendienst\u201d<\/strong>\u00a0f\u00fcr die entsprechende Bestellung.<\/p><p data-start=\"1652\" data-end=\"1715\">Fulfillbot hilft Ihnen dabei, eine R\u00fcckgabe beim Verk\u00e4ufer anzufordern; jedoch:<\/p><ul data-start=\"1717\" data-end=\"2116\"><li data-start=\"1717\" data-end=\"1797\"><p data-start=\"1719\" data-end=\"1797\"><strong data-start=\"1719\" data-end=\"1749\">Eine Genehmigung ist nicht garantiert.<\/strong>, da dies ausschlie\u00dflich von den Richtlinien des Verk\u00e4ufers abh\u00e4ngt.<\/p><\/li><li data-start=\"1798\" data-end=\"1881\"><p data-start=\"1800\" data-end=\"1881\">Wenn der Verk\u00e4ufer zustimmt, wird Fulfillbot die R\u00fccksendung so schnell wie m\u00f6glich bearbeiten.<\/p><\/li><li data-start=\"1882\" data-end=\"1961\"><p data-start=\"1884\" data-end=\"1961\">Die Sendungsverfolgungsnummer f\u00fcr die Inlandsr\u00fccksendung wird in den Bestelldetails angezeigt.<\/p><\/li><li data-start=\"1962\" data-end=\"2116\"><p data-start=\"1964\" data-end=\"2116\">Sobald der Verk\u00e4ufer die zur\u00fcckgesendeten Artikel erhalten und die R\u00fcckerstattung veranlasst hat, schreibt das System den Betrag automatisch Ihrem Konto gut.\u00a0<strong data-start=\"2085\" data-end=\"2115\">Fulfillbot-Kontostand<\/strong>.<\/p><\/li><\/ul><p data-start=\"2118\" data-end=\"2224\">Im Allgemeinen dauert der gesamte Prozess\u00a0<strong data-start=\"2153\" data-end=\"2166\">7\u201315 Tage<\/strong>, abh\u00e4ngig davon, wie schnell der Verk\u00e4ufer die R\u00fcckerstattung best\u00e4tigt.<\/p>\t\t\t\t\t\t\t\t<\/div>\n\t\t\t\t<\/div>\n\t\t\t\t\t<\/div>\n\t\t<\/div>\n\t\t\t\t\t<\/div>\n\t\t<\/section>\n\t\t\t\t<\/div>","protected":false},"excerpt":{"rendered":"<p>1. Order Status: \u201cOrder Pending\u201d You may go to\u00a0User Center \u2192 \u201cOrders\u201d\u00a0to cancel your order directly.Once cancelled, your payment will be\u00a0immediately refunded\u00a0to your\u00a0Fulfillbot account balance. 2. Order Status: \u201cOrder Processing\u201d You may go to\u00a0User Center \u2192 \u201cOrders\u201d\u00a0to cancel your order.If Fulfillbot has\u00a0not yet purchased the items, we will cancel the order and issue a refund [&hellip;]<\/p>\n","protected":false},"author":1,"featured_media":0,"parent":0,"menu_order":0,"comment_status":"closed","ping_status":"closed","template":"","meta":{"_lmt_disableupdate":"no","_lmt_disable":"","site-sidebar-layout":"no-sidebar","site-content-layout":"page-builder","ast-site-content-layout":"full-width-container","site-content-style":"default","site-sidebar-style":"default","ast-global-header-display":"","ast-banner-title-visibility":"","ast-main-header-display":"","ast-hfb-above-header-display":"","ast-hfb-below-header-display":"","ast-hfb-mobile-header-display":"","site-post-title":"disabled","ast-breadcrumbs-content":"","ast-featured-img":"disabled","footer-sml-layout":"","ast-disable-related-posts":"","theme-transparent-header-meta":"default","adv-header-id-meta":"","stick-header-meta":"default","header-above-stick-meta":"","header-main-stick-meta":"","header-below-stick-meta":"","astra-migrate-meta-layouts":"set","ast-page-background-enabled":"default","ast-page-background-meta":{"desktop":{"background-color":"var(--ast-global-color-4)","background-image":"","background-repeat":"repeat","background-position":"center center","background-size":"auto","background-attachment":"scroll","background-type":"","background-media":"","overlay-type":"","overlay-color":"","overlay-opacity":"","overlay-gradient":""},"tablet":{"background-color":"","background-image":"","background-repeat":"repeat","background-position":"center center","background-size":"auto","background-attachment":"scroll","background-type":"","background-media":"","overlay-type":"","overlay-color":"","overlay-opacity":"","overlay-gradient":""},"mobile":{"background-color":"","background-image":"","background-repeat":"repeat","background-position":"center center","background-size":"auto","background-attachment":"scroll","background-type":"","background-media":"","overlay-type":"","overlay-color":"","overlay-opacity":"","overlay-gradient":""}},"ast-content-background-meta":{"desktop":{"background-color":"var(--ast-global-color-5)","background-image":"","background-repeat":"repeat","background-position":"center center","background-size":"auto","background-attachment":"scroll","background-type":"","background-media":"","overlay-type":"","overlay-color":"","overlay-opacity":"","overlay-gradient":""},"tablet":{"background-color":"var(--ast-global-color-5)","background-image":"","background-repeat":"repeat","background-position":"center center","background-size":"auto","background-attachment":"scroll","background-type":"","background-media":"","overlay-type":"","overlay-color":"","overlay-opacity":"","overlay-gradient":""},"mobile":{"background-color":"var(--ast-global-color-5)","background-image":"","background-repeat":"repeat","background-position":"center center","background-size":"auto","background-attachment":"scroll","background-type":"","background-media":"","overlay-type":"","overlay-color":"","overlay-opacity":"","overlay-gradient":""}},"footnotes":""},"class_list":["post-9866","page","type-page","status-publish","hentry"],"_links":{"self":[{"href":"https:\/\/fulfillbot.com\/de\/wp-json\/wp\/v2\/pages\/9866","targetHints":{"allow":["GET"]}}],"collection":[{"href":"https:\/\/fulfillbot.com\/de\/wp-json\/wp\/v2\/pages"}],"about":[{"href":"https:\/\/fulfillbot.com\/de\/wp-json\/wp\/v2\/types\/page"}],"author":[{"embeddable":true,"href":"https:\/\/fulfillbot.com\/de\/wp-json\/wp\/v2\/users\/1"}],"replies":[{"embeddable":true,"href":"https:\/\/fulfillbot.com\/de\/wp-json\/wp\/v2\/comments?post=9866"}],"version-history":[{"count":5,"href":"https:\/\/fulfillbot.com\/de\/wp-json\/wp\/v2\/pages\/9866\/revisions"}],"predecessor-version":[{"id":9871,"href":"https:\/\/fulfillbot.com\/de\/wp-json\/wp\/v2\/pages\/9866\/revisions\/9871"}],"wp:attachment":[{"href":"https:\/\/fulfillbot.com\/de\/wp-json\/wp\/v2\/media?parent=9866"}],"curies":[{"name":"wp","href":"https:\/\/api.w.org\/{rel}","templated":true}]}}